{"id":9,"date":"2021-04-12T15:10:38","date_gmt":"2021-04-12T15:10:38","guid":{"rendered":"https:\/\/theurbandog.it\/?page_id=9"},"modified":"2026-01-09T12:04:57","modified_gmt":"2026-01-09T12:04:57","slug":"chi-siamo","status":"publish","type":"page","link":"https:\/\/theurbandog.it\/?page_id=9","title":{"rendered":"La Storia. Noi."},"content":{"rendered":"\n<p>Rudy.<br>Anno 2010. Il nostro primo Border Collie.<\/p>\n\n\n\n<p>Tutto ha avuto inizio con lui.<br>Una passione che \u00e8 maturata, si \u00e8 evoluta, \u00e8 aumentata a dismisura, fino a quando, nel &#8220;lontano&#8221; 2017, vede finalmente la luce il nostro Centro Cinofilo &#8220;The Urban Dog&#8221;.<br>Da allora, questa passione che ci travolge, ha poi coinvolto anche molti altri amici ed allievi, fino a formare la nostra grande famiglia.<br>Passa in campo a trovarci, saremo lieti di presentarci e di accoglierti nel nostro gruppo.<\/p>\n\n\n\n<p>Il nostro Centro si trova ad Urbana, in provincia di Padova.<br>Tra i servizi che offriamo, potremo parlare di <strong>obbedienza di base, obbedienza di gruppo, puppy class, agility, rally obedience, <\/strong>e<strong> consulenza per la scelta di un nuovo cucciolo<\/strong>.<\/p>\n\n\n\n<p><strong>Luca Soliman<\/strong><br><em>Presidente<\/em><\/p>\n","protected":false},"excerpt":{"rendered":"<p>Rudy.Anno 2010. Il nostro primo Border Collie. Tutto ha avuto inizio con lui.Una passione che \u00e8 maturata, si \u00e8 evoluta, \u00e8 aumentata a dismisura, fino a quando, nel &#8220;lontano&#8221; 2017, vede finalmente la luce il nostro Centro Cinofilo &#8220;The Urban Dog&#8221;.Da allora, questa passione che ci travolge, ha poi coinvolto anche molti altri amici ed &hellip; <\/p>\n<p class=\"link-more\"><a href=\"https:\/\/theurbandog.it\/?page_id=9\" class=\"more-link\">Leggi tutto<span class=\"screen-reader-text\"> &#8220;La Storia. Noi.&#8221;<\/span><\/a><\/p>\n","protected":false},"author":1,"featured_media":233,"parent":0,"menu_order":0,"comment_status":"closed","ping_status":"closed","template":"","meta":{"footnotes":""},"class_list":["post-9","page","type-page","status-publish","has-post-thumbnail","hentry"],"_links":{"self":[{"href":"https:\/\/theurbandog.it\/index.php?rest_route=\/wp\/v2\/pages\/9","targetHints":{"allow":["GET"]}}],"collection":[{"href":"https:\/\/theurbandog.it\/index.php?rest_route=\/wp\/v2\/pages"}],"about":[{"href":"https:\/\/theurbandog.it\/index.php?rest_route=\/wp\/v2\/types\/page"}],"author":[{"embeddable":true,"href":"https:\/\/theurbandog.it\/index.php?rest_route=\/wp\/v2\/users\/1"}],"replies":[{"embeddable":true,"href":"https:\/\/theurbandog.it\/index.php?rest_route=%2Fwp%2Fv2%2Fcomments&post=9"}],"version-history":[{"count":8,"href":"https:\/\/theurbandog.it\/index.php?rest_route=\/wp\/v2\/pages\/9\/revisions"}],"predecessor-version":[{"id":232,"href":"https:\/\/theurbandog.it\/index.php?rest_route=\/wp\/v2\/pages\/9\/revisions\/232"}],"wp:featuredmedia":[{"embeddable":true,"href":"https:\/\/theurbandog.it\/index.php?rest_route=\/wp\/v2\/media\/233"}],"wp:attachment":[{"href":"https:\/\/theurbandog.it\/index.php?rest_route=%2Fwp%2Fv2%2Fmedia&parent=9"}],"curies":[{"name":"wp","href":"https:\/\/api.w.org\/{rel}","templated":true}]}}